{"id":4558,"date":"2022-04-25T11:16:35","date_gmt":"2022-05-31T08:24:44","guid":{"rendered":"https:\/\/tnrshop.be\/product\/lot-de-4-panneaux-decoratifs-doccasion-ref-zz-0003\/"},"modified":"2022-05-31T10:24:44","modified_gmt":"2022-05-31T08:24:44","slug":"jeu-de-4-panneaux-decoratifs-occasion-ref-zz-0003","status":"publish","type":"product","link":"https:\/\/tnrshop.be\/fr\/produit\/jeu-de-4-panneaux-decoratifs-occasion-ref-zz-0003\/","title":{"rendered":"Lot de 4 panneaux d\u00e9coratifs d&#8217;occasion (r\u00e9f zz.0003)"},"content":{"rendered":"<p>Ensemble de panneaux d\u00e9coratifs Jupiter d&#8217;origine (mod\u00e8le lambo\/ferrari) en bon \u00e9tat (mod\u00e8le du Jupiter 5* des ann\u00e9es 1980).<br \/>\nIl y a quelques dommages mineurs ici et l\u00e0 sur les panneaux. Sont complets avec les coins en aluminium.<\/p>\n<p>\u2013 Parce que nous restaurons de nombreux baby-foots et y posons ensuite de nombreuses pi\u00e8ces neuves, nous disposons d&#8217;un stock important de pi\u00e8ces d&#8217;occasion, id\u00e9al si vous souhaitez refaire votre baby-foot et que vous ne souhaitez pas acheter toutes les pi\u00e8ces neuves.<br \/>\n\u2013 Les pi\u00e8ces d&#8217;occasion sont bien entendu toujours utilisables et compl\u00e8tes (sauf mention expresse)<\/p>\n<p>Les pi\u00e8ces usag\u00e9es ne sont pas reprises. Vous pouvez bien s\u00fbr aussi venir voir les pi\u00e8ces avec nous si vous le souhaitez.<\/p>\n","protected":false},"excerpt":{"rendered":"<p>Ensemble de panneaux d\u00e9coratifs Jupiter d&#8217;origine (mod\u00e8le lambo\/ferrari) en bon \u00e9tat (mod\u00e8le du Jupiter 5* des ann\u00e9es 1980). Il y a quelques dommages mineurs ici et l\u00e0 sur les panneaux. Sont complets avec les coins en aluminium. \u2013 Parce que nous restaurons de nombreux baby-foots et y posons ensuite de nombreuses pi\u00e8ces neuves, nous disposons [&hellip;]<\/p>\n","protected":false},"featured_media":4394,"comment_status":"closed","ping_status":"closed","template":"","meta":{"_acf_changed":false},"product_brand":[],"product_cat":[218,219],"product_tag":[233],"class_list":{"0":"post-4558","1":"product","2":"type-product","3":"status-publish","4":"has-post-thumbnail","6":"product_cat-baby-foot","7":"product_cat-composants-babyfoot","8":"product_tag-2eme-main","10":"first","11":"instock","12":"taxable","13":"shipping-taxable","14":"product-type-simple"},"acf":[],"yoast_head":"<!-- This site is optimized with the Yoast SEO plugin v27.4 - https:\/\/yoast.com\/product\/yoast-seo-wordpress\/ -->\n<title>Lot de 4 panneaux d\u00e9coratifs d&#039;occasion (r\u00e9f zz.0003) - Boutique en ligne Tom et Rudi<\/title>\n<meta name=\"robots\" content=\"index, follow, max-snippet:-1, max-image-preview:large, max-video-preview:-1\" \/>\n<link rel=\"canonical\" href=\"https:\/\/tnrshop.be\/fr\/produit\/jeu-de-4-panneaux-decoratifs-occasion-ref-zz-0003\/\" \/>\n<meta property=\"og:locale\" content=\"fr_FR\" \/>\n<meta property=\"og:type\" content=\"article\" \/>\n<meta property=\"og:title\" content=\"Lot de 4 panneaux d\u00e9coratifs d&#039;occasion (r\u00e9f zz.0003) - Boutique en ligne Tom et Rudi\" \/>\n<meta property=\"og:description\" content=\"Ensemble de panneaux d\u00e9coratifs Jupiter d&#8217;origine (mod\u00e8le lambo\/ferrari) en bon \u00e9tat (mod\u00e8le du Jupiter 5* des ann\u00e9es 1980). Il y a quelques dommages mineurs ici et l\u00e0 sur les panneaux. Sont complets avec les coins en aluminium. \u2013 Parce que nous restaurons de nombreux baby-foots et y posons ensuite de nombreuses pi\u00e8ces neuves, nous disposons [&hellip;]\" \/>\n<meta property=\"og:url\" content=\"https:\/\/tnrshop.be\/fr\/produit\/jeu-de-4-panneaux-decoratifs-occasion-ref-zz-0003\/\" \/>\n<meta property=\"og:site_name\" content=\"Boutique en ligne Tom et Rudi\" \/>\n<meta property=\"article:publisher\" content=\"https:\/\/www.facebook.com\/tomenrudicafespelen\/\" \/>\n<meta property=\"og:image\" content=\"https:\/\/tnrshop.be\/wp-content\/uploads\/2022\/04\/zz.0003-2dehands-set-van-4-sierpanelen.jpg\" \/>\n\t<meta property=\"og:image:width\" content=\"600\" \/>\n\t<meta property=\"og:image:height\" content=\"600\" \/>\n\t<meta property=\"og:image:type\" content=\"image\/jpeg\" \/>\n<meta name=\"twitter:card\" content=\"summary_large_image\" \/>\n<meta name=\"twitter:site\" content=\"@tomenrudi\" \/>\n<meta name=\"twitter:label1\" content=\"Dur\u00e9e de lecture estim\u00e9e\" \/>\n\t<meta name=\"twitter:data1\" content=\"1 minute\" \/>\n<script type=\"application\/ld+json\" class=\"yoast-schema-graph\">{\"@context\":\"https:\\\/\\\/schema.org\",\"@graph\":[{\"@type\":\"WebPage\",\"@id\":\"https:\\\/\\\/tnrshop.be\\\/fr\\\/produit\\\/jeu-de-4-panneaux-decoratifs-occasion-ref-zz-0003\\\/\",\"url\":\"https:\\\/\\\/tnrshop.be\\\/fr\\\/produit\\\/jeu-de-4-panneaux-decoratifs-occasion-ref-zz-0003\\\/\",\"name\":\"Lot de 4 panneaux d\u00e9coratifs d'occasion (r\u00e9f zz.0003) - Boutique en ligne Tom et Rudi\",\"isPartOf\":{\"@id\":\"https:\\\/\\\/tnrshop.be\\\/fr\\\/#website\"},\"primaryImageOfPage\":{\"@id\":\"https:\\\/\\\/tnrshop.be\\\/fr\\\/produit\\\/jeu-de-4-panneaux-decoratifs-occasion-ref-zz-0003\\\/#primaryimage\"},\"image\":{\"@id\":\"https:\\\/\\\/tnrshop.be\\\/fr\\\/produit\\\/jeu-de-4-panneaux-decoratifs-occasion-ref-zz-0003\\\/#primaryimage\"},\"thumbnailUrl\":\"https:\\\/\\\/tnrshop.be\\\/wp-content\\\/uploads\\\/2022\\\/04\\\/zz.0003-2dehands-set-van-4-sierpanelen.jpg\",\"datePublished\":\"2022-05-31T08:24:44+00:00\",\"breadcrumb\":{\"@id\":\"https:\\\/\\\/tnrshop.be\\\/fr\\\/produit\\\/jeu-de-4-panneaux-decoratifs-occasion-ref-zz-0003\\\/#breadcrumb\"},\"inLanguage\":\"fr-FR\",\"potentialAction\":[{\"@type\":\"ReadAction\",\"target\":[\"https:\\\/\\\/tnrshop.be\\\/fr\\\/produit\\\/jeu-de-4-panneaux-decoratifs-occasion-ref-zz-0003\\\/\"]}]},{\"@type\":\"ImageObject\",\"inLanguage\":\"fr-FR\",\"@id\":\"https:\\\/\\\/tnrshop.be\\\/fr\\\/produit\\\/jeu-de-4-panneaux-decoratifs-occasion-ref-zz-0003\\\/#primaryimage\",\"url\":\"https:\\\/\\\/tnrshop.be\\\/wp-content\\\/uploads\\\/2022\\\/04\\\/zz.0003-2dehands-set-van-4-sierpanelen.jpg\",\"contentUrl\":\"https:\\\/\\\/tnrshop.be\\\/wp-content\\\/uploads\\\/2022\\\/04\\\/zz.0003-2dehands-set-van-4-sierpanelen.jpg\",\"width\":600,\"height\":600},{\"@type\":\"BreadcrumbList\",\"@id\":\"https:\\\/\\\/tnrshop.be\\\/fr\\\/produit\\\/jeu-de-4-panneaux-decoratifs-occasion-ref-zz-0003\\\/#breadcrumb\",\"itemListElement\":[{\"@type\":\"ListItem\",\"position\":1,\"name\":\"Home\",\"item\":\"https:\\\/\\\/tnrshop.be\\\/fr\\\/\"},{\"@type\":\"ListItem\",\"position\":2,\"name\":\"Webshop\",\"item\":\"https:\\\/\\\/tnrshop.be\\\/fr\\\/boutique\\\/\"},{\"@type\":\"ListItem\",\"position\":3,\"name\":\"Lot de 4 panneaux d\u00e9coratifs d&rsquo;occasion (r\u00e9f zz.0003)\"}]},{\"@type\":\"WebSite\",\"@id\":\"https:\\\/\\\/tnrshop.be\\\/fr\\\/#website\",\"url\":\"https:\\\/\\\/tnrshop.be\\\/fr\\\/\",\"name\":\"Boutique en ligne Tom et Rudi\",\"description\":\"\",\"publisher\":{\"@id\":\"https:\\\/\\\/tnrshop.be\\\/fr\\\/#organization\"},\"potentialAction\":[{\"@type\":\"SearchAction\",\"target\":{\"@type\":\"EntryPoint\",\"urlTemplate\":\"https:\\\/\\\/tnrshop.be\\\/fr\\\/?s={search_term_string}\"},\"query-input\":{\"@type\":\"PropertyValueSpecification\",\"valueRequired\":true,\"valueName\":\"search_term_string\"}}],\"inLanguage\":\"fr-FR\"},{\"@type\":\"Organization\",\"@id\":\"https:\\\/\\\/tnrshop.be\\\/fr\\\/#organization\",\"name\":\"Tom en Rudi Amusementstoestellen BV\",\"url\":\"https:\\\/\\\/tnrshop.be\\\/fr\\\/\",\"logo\":{\"@type\":\"ImageObject\",\"inLanguage\":\"fr-FR\",\"@id\":\"https:\\\/\\\/tnrshop.be\\\/fr\\\/#\\\/schema\\\/logo\\\/image\\\/\",\"url\":\"https:\\\/\\\/tnrshop.be\\\/wp-content\\\/uploads\\\/2022\\\/02\\\/logo-tomenrudiwebshop-zwart-300px.png\",\"contentUrl\":\"https:\\\/\\\/tnrshop.be\\\/wp-content\\\/uploads\\\/2022\\\/02\\\/logo-tomenrudiwebshop-zwart-300px.png\",\"width\":298,\"height\":214,\"caption\":\"Tom en Rudi Amusementstoestellen BV\"},\"image\":{\"@id\":\"https:\\\/\\\/tnrshop.be\\\/fr\\\/#\\\/schema\\\/logo\\\/image\\\/\"},\"sameAs\":[\"https:\\\/\\\/www.facebook.com\\\/tomenrudicafespelen\\\/\",\"https:\\\/\\\/x.com\\\/tomenrudi\",\"https:\\\/\\\/www.instagram.com\\\/tomenrudi.be\\\/\",\"https:\\\/\\\/www.linkedin.com\\\/company\\\/tom-en-rudi-amusementstoestellen\\\/\"]}]}<\/script>\n<!-- \/ Yoast SEO plugin. -->","yoast_head_json":{"title":"Lot de 4 panneaux d\u00e9coratifs d'occasion (r\u00e9f zz.0003) - Boutique en ligne Tom et Rudi","robots":{"index":"index","follow":"follow","max-snippet":"max-snippet:-1","max-image-preview":"max-image-preview:large","max-video-preview":"max-video-preview:-1"},"canonical":"https:\/\/tnrshop.be\/fr\/produit\/jeu-de-4-panneaux-decoratifs-occasion-ref-zz-0003\/","og_locale":"fr_FR","og_type":"article","og_title":"Lot de 4 panneaux d\u00e9coratifs d'occasion (r\u00e9f zz.0003) - Boutique en ligne Tom et Rudi","og_description":"Ensemble de panneaux d\u00e9coratifs Jupiter d&#8217;origine (mod\u00e8le lambo\/ferrari) en bon \u00e9tat (mod\u00e8le du Jupiter 5* des ann\u00e9es 1980). Il y a quelques dommages mineurs ici et l\u00e0 sur les panneaux. Sont complets avec les coins en aluminium. \u2013 Parce que nous restaurons de nombreux baby-foots et y posons ensuite de nombreuses pi\u00e8ces neuves, nous disposons [&hellip;]","og_url":"https:\/\/tnrshop.be\/fr\/produit\/jeu-de-4-panneaux-decoratifs-occasion-ref-zz-0003\/","og_site_name":"Boutique en ligne Tom et Rudi","article_publisher":"https:\/\/www.facebook.com\/tomenrudicafespelen\/","og_image":[{"width":600,"height":600,"url":"https:\/\/tnrshop.be\/wp-content\/uploads\/2022\/04\/zz.0003-2dehands-set-van-4-sierpanelen.jpg","type":"image\/jpeg"}],"twitter_card":"summary_large_image","twitter_site":"@tomenrudi","twitter_misc":{"Dur\u00e9e de lecture estim\u00e9e":"1 minute"},"schema":{"@context":"https:\/\/schema.org","@graph":[{"@type":"WebPage","@id":"https:\/\/tnrshop.be\/fr\/produit\/jeu-de-4-panneaux-decoratifs-occasion-ref-zz-0003\/","url":"https:\/\/tnrshop.be\/fr\/produit\/jeu-de-4-panneaux-decoratifs-occasion-ref-zz-0003\/","name":"Lot de 4 panneaux d\u00e9coratifs d'occasion (r\u00e9f zz.0003) - Boutique en ligne Tom et Rudi","isPartOf":{"@id":"https:\/\/tnrshop.be\/fr\/#website"},"primaryImageOfPage":{"@id":"https:\/\/tnrshop.be\/fr\/produit\/jeu-de-4-panneaux-decoratifs-occasion-ref-zz-0003\/#primaryimage"},"image":{"@id":"https:\/\/tnrshop.be\/fr\/produit\/jeu-de-4-panneaux-decoratifs-occasion-ref-zz-0003\/#primaryimage"},"thumbnailUrl":"https:\/\/tnrshop.be\/wp-content\/uploads\/2022\/04\/zz.0003-2dehands-set-van-4-sierpanelen.jpg","datePublished":"2022-05-31T08:24:44+00:00","breadcrumb":{"@id":"https:\/\/tnrshop.be\/fr\/produit\/jeu-de-4-panneaux-decoratifs-occasion-ref-zz-0003\/#breadcrumb"},"inLanguage":"fr-FR","potentialAction":[{"@type":"ReadAction","target":["https:\/\/tnrshop.be\/fr\/produit\/jeu-de-4-panneaux-decoratifs-occasion-ref-zz-0003\/"]}]},{"@type":"ImageObject","inLanguage":"fr-FR","@id":"https:\/\/tnrshop.be\/fr\/produit\/jeu-de-4-panneaux-decoratifs-occasion-ref-zz-0003\/#primaryimage","url":"https:\/\/tnrshop.be\/wp-content\/uploads\/2022\/04\/zz.0003-2dehands-set-van-4-sierpanelen.jpg","contentUrl":"https:\/\/tnrshop.be\/wp-content\/uploads\/2022\/04\/zz.0003-2dehands-set-van-4-sierpanelen.jpg","width":600,"height":600},{"@type":"BreadcrumbList","@id":"https:\/\/tnrshop.be\/fr\/produit\/jeu-de-4-panneaux-decoratifs-occasion-ref-zz-0003\/#breadcrumb","itemListElement":[{"@type":"ListItem","position":1,"name":"Home","item":"https:\/\/tnrshop.be\/fr\/"},{"@type":"ListItem","position":2,"name":"Webshop","item":"https:\/\/tnrshop.be\/fr\/boutique\/"},{"@type":"ListItem","position":3,"name":"Lot de 4 panneaux d\u00e9coratifs d&rsquo;occasion (r\u00e9f zz.0003)"}]},{"@type":"WebSite","@id":"https:\/\/tnrshop.be\/fr\/#website","url":"https:\/\/tnrshop.be\/fr\/","name":"Boutique en ligne Tom et Rudi","description":"","publisher":{"@id":"https:\/\/tnrshop.be\/fr\/#organization"},"potentialAction":[{"@type":"SearchAction","target":{"@type":"EntryPoint","urlTemplate":"https:\/\/tnrshop.be\/fr\/?s={search_term_string}"},"query-input":{"@type":"PropertyValueSpecification","valueRequired":true,"valueName":"search_term_string"}}],"inLanguage":"fr-FR"},{"@type":"Organization","@id":"https:\/\/tnrshop.be\/fr\/#organization","name":"Tom en Rudi Amusementstoestellen BV","url":"https:\/\/tnrshop.be\/fr\/","logo":{"@type":"ImageObject","inLanguage":"fr-FR","@id":"https:\/\/tnrshop.be\/fr\/#\/schema\/logo\/image\/","url":"https:\/\/tnrshop.be\/wp-content\/uploads\/2022\/02\/logo-tomenrudiwebshop-zwart-300px.png","contentUrl":"https:\/\/tnrshop.be\/wp-content\/uploads\/2022\/02\/logo-tomenrudiwebshop-zwart-300px.png","width":298,"height":214,"caption":"Tom en Rudi Amusementstoestellen BV"},"image":{"@id":"https:\/\/tnrshop.be\/fr\/#\/schema\/logo\/image\/"},"sameAs":["https:\/\/www.facebook.com\/tomenrudicafespelen\/","https:\/\/x.com\/tomenrudi","https:\/\/www.instagram.com\/tomenrudi.be\/","https:\/\/www.linkedin.com\/company\/tom-en-rudi-amusementstoestellen\/"]}]}},"_links":{"self":[{"href":"https:\/\/tnrshop.be\/fr\/wp-json\/wp\/v2\/product\/4558","targetHints":{"allow":["GET"]}}],"collection":[{"href":"https:\/\/tnrshop.be\/fr\/wp-json\/wp\/v2\/product"}],"about":[{"href":"https:\/\/tnrshop.be\/fr\/wp-json\/wp\/v2\/types\/product"}],"replies":[{"embeddable":true,"href":"https:\/\/tnrshop.be\/fr\/wp-json\/wp\/v2\/comments?post=4558"}],"wp:featuredmedia":[{"embeddable":true,"href":"https:\/\/tnrshop.be\/fr\/wp-json\/wp\/v2\/media\/4394"}],"wp:attachment":[{"href":"https:\/\/tnrshop.be\/fr\/wp-json\/wp\/v2\/media?parent=4558"}],"wp:term":[{"taxonomy":"product_brand","embeddable":true,"href":"https:\/\/tnrshop.be\/fr\/wp-json\/wp\/v2\/product_brand?post=4558"},{"taxonomy":"product_cat","embeddable":true,"href":"https:\/\/tnrshop.be\/fr\/wp-json\/wp\/v2\/product_cat?post=4558"},{"taxonomy":"product_tag","embeddable":true,"href":"https:\/\/tnrshop.be\/fr\/wp-json\/wp\/v2\/product_tag?post=4558"}],"curies":[{"name":"wp","href":"https:\/\/api.w.org\/{rel}","templated":true}]}}