{"id":4691,"date":"2022-03-31T14:35:49","date_gmt":"2022-05-31T09:35:46","guid":{"rendered":"https:\/\/tnrshop.be\/product\/baby-foot-de-personnalisation-de-marque\/"},"modified":"2022-05-31T11:35:46","modified_gmt":"2022-05-31T09:35:46","slug":"branding-personnalisation-baby-foot","status":"publish","type":"product","link":"https:\/\/tnrshop.be\/fr\/produit\/branding-personnalisation-baby-foot\/","title":{"rendered":"Baby-foot de personnalisation de marque"},"content":{"rendered":"<p>Nous pouvons fournir \u00e0 votre baby-foot une personnalisation ou une image de marque, nous pouvons personnaliser \u00e0 la fois l&#8217;ext\u00e9rieur du baby-foot et le terrain de jeu.<\/p>\n<div>Un terrain de jeu personnalis\u00e9, associ\u00e9 \u00e0 un \u00e9clairage LED auto-d\u00e9velopp\u00e9 sous le terrain de jeu, donne un beau r\u00e9sultat, voir la photo ci-dessous o\u00f9 nous avons d\u00e9coup\u00e9 la lettre &#8216;S&#8217; du logo de la soci\u00e9t\u00e9 Somko, afin que ce logo s&#8217;illumine bien avec l&#8217;\u00e9clairage LED sous le terrain de jeu.<\/div>\n<div><\/div>\n<div>Contactez-nous pour une proposition sur mesure.<\/div>\n","protected":false},"excerpt":{"rendered":"<p>Nous pouvons fournir \u00e0 votre baby-foot une personnalisation ou une image de marque, nous pouvons personnaliser \u00e0 la fois l&#8217;ext\u00e9rieur du baby-foot et le terrain de jeu. Un terrain de jeu personnalis\u00e9, associ\u00e9 \u00e0 un \u00e9clairage LED auto-d\u00e9velopp\u00e9 sous le terrain de jeu, donne un beau r\u00e9sultat, voir la photo ci-dessous o\u00f9 nous avons d\u00e9coup\u00e9 [&hellip;]<\/p>\n","protected":false},"featured_media":4255,"comment_status":"closed","ping_status":"closed","template":"","meta":{"_acf_changed":false},"product_brand":[],"product_cat":[218,228],"product_tag":[224],"class_list":{"0":"post-4691","1":"product","2":"type-product","3":"status-publish","4":"has-post-thumbnail","6":"product_cat-baby-foot","7":"product_cat-nouveau-babyfoot","8":"product_tag-devis","10":"first","11":"instock","12":"taxable","13":"shipping-taxable","14":"product-type-simple"},"acf":[],"yoast_head":"<!-- This site is optimized with the Yoast SEO plugin v27.5 - https:\/\/yoast.com\/product\/yoast-seo-wordpress\/ -->\n<title>Baby-foot de personnalisation de marque - Boutique en ligne Tom et Rudi<\/title>\n<meta name=\"robots\" content=\"index, follow, max-snippet:-1, max-image-preview:large, max-video-preview:-1\" \/>\n<link rel=\"canonical\" href=\"https:\/\/tnrshop.be\/fr\/produit\/branding-personnalisation-baby-foot\/\" \/>\n<meta property=\"og:locale\" content=\"fr_FR\" \/>\n<meta property=\"og:type\" content=\"article\" \/>\n<meta property=\"og:title\" content=\"Baby-foot de personnalisation de marque - Boutique en ligne Tom et Rudi\" \/>\n<meta property=\"og:description\" content=\"Nous pouvons fournir \u00e0 votre baby-foot une personnalisation ou une image de marque, nous pouvons personnaliser \u00e0 la fois l&#8217;ext\u00e9rieur du baby-foot et le terrain de jeu. Un terrain de jeu personnalis\u00e9, associ\u00e9 \u00e0 un \u00e9clairage LED auto-d\u00e9velopp\u00e9 sous le terrain de jeu, donne un beau r\u00e9sultat, voir la photo ci-dessous o\u00f9 nous avons d\u00e9coup\u00e9 [&hellip;]\" \/>\n<meta property=\"og:url\" content=\"https:\/\/tnrshop.be\/fr\/produit\/branding-personnalisation-baby-foot\/\" \/>\n<meta property=\"og:site_name\" content=\"Boutique en ligne Tom et Rudi\" \/>\n<meta property=\"article:publisher\" content=\"https:\/\/www.facebook.com\/tomenrudicafespelen\/\" \/>\n<meta property=\"og:image\" content=\"https:\/\/tnrshop.be\/wp-content\/uploads\/2022\/03\/Branding_Personalisatie-Tafelvoetbal.jpg\" \/>\n\t<meta property=\"og:image:width\" content=\"600\" \/>\n\t<meta property=\"og:image:height\" content=\"600\" \/>\n\t<meta property=\"og:image:type\" content=\"image\/jpeg\" \/>\n<meta name=\"twitter:card\" content=\"summary_large_image\" \/>\n<meta name=\"twitter:site\" content=\"@tomenrudi\" \/>\n<script type=\"application\/ld+json\" class=\"yoast-schema-graph\">{\"@context\":\"https:\\\/\\\/schema.org\",\"@graph\":[{\"@type\":\"WebPage\",\"@id\":\"https:\\\/\\\/tnrshop.be\\\/fr\\\/produit\\\/branding-personnalisation-baby-foot\\\/\",\"url\":\"https:\\\/\\\/tnrshop.be\\\/fr\\\/produit\\\/branding-personnalisation-baby-foot\\\/\",\"name\":\"Baby-foot de personnalisation de marque - Boutique en ligne Tom et Rudi\",\"isPartOf\":{\"@id\":\"https:\\\/\\\/tnrshop.be\\\/fr\\\/#website\"},\"primaryImageOfPage\":{\"@id\":\"https:\\\/\\\/tnrshop.be\\\/fr\\\/produit\\\/branding-personnalisation-baby-foot\\\/#primaryimage\"},\"image\":{\"@id\":\"https:\\\/\\\/tnrshop.be\\\/fr\\\/produit\\\/branding-personnalisation-baby-foot\\\/#primaryimage\"},\"thumbnailUrl\":\"https:\\\/\\\/tnrshop.be\\\/wp-content\\\/uploads\\\/2022\\\/03\\\/Branding_Personalisatie-Tafelvoetbal.jpg\",\"datePublished\":\"2022-05-31T09:35:46+00:00\",\"breadcrumb\":{\"@id\":\"https:\\\/\\\/tnrshop.be\\\/fr\\\/produit\\\/branding-personnalisation-baby-foot\\\/#breadcrumb\"},\"inLanguage\":\"fr-FR\",\"potentialAction\":[{\"@type\":\"ReadAction\",\"target\":[\"https:\\\/\\\/tnrshop.be\\\/fr\\\/produit\\\/branding-personnalisation-baby-foot\\\/\"]}]},{\"@type\":\"ImageObject\",\"inLanguage\":\"fr-FR\",\"@id\":\"https:\\\/\\\/tnrshop.be\\\/fr\\\/produit\\\/branding-personnalisation-baby-foot\\\/#primaryimage\",\"url\":\"https:\\\/\\\/tnrshop.be\\\/wp-content\\\/uploads\\\/2022\\\/03\\\/Branding_Personalisatie-Tafelvoetbal.jpg\",\"contentUrl\":\"https:\\\/\\\/tnrshop.be\\\/wp-content\\\/uploads\\\/2022\\\/03\\\/Branding_Personalisatie-Tafelvoetbal.jpg\",\"width\":600,\"height\":600},{\"@type\":\"BreadcrumbList\",\"@id\":\"https:\\\/\\\/tnrshop.be\\\/fr\\\/produit\\\/branding-personnalisation-baby-foot\\\/#breadcrumb\",\"itemListElement\":[{\"@type\":\"ListItem\",\"position\":1,\"name\":\"Home\",\"item\":\"https:\\\/\\\/tnrshop.be\\\/fr\\\/\"},{\"@type\":\"ListItem\",\"position\":2,\"name\":\"Webshop\",\"item\":\"https:\\\/\\\/tnrshop.be\\\/fr\\\/boutique\\\/\"},{\"@type\":\"ListItem\",\"position\":3,\"name\":\"Baby-foot de personnalisation de marque\"}]},{\"@type\":\"WebSite\",\"@id\":\"https:\\\/\\\/tnrshop.be\\\/fr\\\/#website\",\"url\":\"https:\\\/\\\/tnrshop.be\\\/fr\\\/\",\"name\":\"Boutique en ligne Tom et Rudi\",\"description\":\"\",\"publisher\":{\"@id\":\"https:\\\/\\\/tnrshop.be\\\/fr\\\/#organization\"},\"potentialAction\":[{\"@type\":\"SearchAction\",\"target\":{\"@type\":\"EntryPoint\",\"urlTemplate\":\"https:\\\/\\\/tnrshop.be\\\/fr\\\/?s={search_term_string}\"},\"query-input\":{\"@type\":\"PropertyValueSpecification\",\"valueRequired\":true,\"valueName\":\"search_term_string\"}}],\"inLanguage\":\"fr-FR\"},{\"@type\":\"Organization\",\"@id\":\"https:\\\/\\\/tnrshop.be\\\/fr\\\/#organization\",\"name\":\"Tom en Rudi Amusementstoestellen BV\",\"url\":\"https:\\\/\\\/tnrshop.be\\\/fr\\\/\",\"logo\":{\"@type\":\"ImageObject\",\"inLanguage\":\"fr-FR\",\"@id\":\"https:\\\/\\\/tnrshop.be\\\/fr\\\/#\\\/schema\\\/logo\\\/image\\\/\",\"url\":\"https:\\\/\\\/tnrshop.be\\\/wp-content\\\/uploads\\\/2022\\\/02\\\/logo-tomenrudiwebshop-zwart-300px.png\",\"contentUrl\":\"https:\\\/\\\/tnrshop.be\\\/wp-content\\\/uploads\\\/2022\\\/02\\\/logo-tomenrudiwebshop-zwart-300px.png\",\"width\":298,\"height\":214,\"caption\":\"Tom en Rudi Amusementstoestellen BV\"},\"image\":{\"@id\":\"https:\\\/\\\/tnrshop.be\\\/fr\\\/#\\\/schema\\\/logo\\\/image\\\/\"},\"sameAs\":[\"https:\\\/\\\/www.facebook.com\\\/tomenrudicafespelen\\\/\",\"https:\\\/\\\/x.com\\\/tomenrudi\",\"https:\\\/\\\/www.instagram.com\\\/tomenrudi.be\\\/\",\"https:\\\/\\\/www.linkedin.com\\\/company\\\/tom-en-rudi-amusementstoestellen\\\/\"]}]}<\/script>\n<!-- \/ Yoast SEO plugin. -->","yoast_head_json":{"title":"Baby-foot de personnalisation de marque - Boutique en ligne Tom et Rudi","robots":{"index":"index","follow":"follow","max-snippet":"max-snippet:-1","max-image-preview":"max-image-preview:large","max-video-preview":"max-video-preview:-1"},"canonical":"https:\/\/tnrshop.be\/fr\/produit\/branding-personnalisation-baby-foot\/","og_locale":"fr_FR","og_type":"article","og_title":"Baby-foot de personnalisation de marque - Boutique en ligne Tom et Rudi","og_description":"Nous pouvons fournir \u00e0 votre baby-foot une personnalisation ou une image de marque, nous pouvons personnaliser \u00e0 la fois l&#8217;ext\u00e9rieur du baby-foot et le terrain de jeu. Un terrain de jeu personnalis\u00e9, associ\u00e9 \u00e0 un \u00e9clairage LED auto-d\u00e9velopp\u00e9 sous le terrain de jeu, donne un beau r\u00e9sultat, voir la photo ci-dessous o\u00f9 nous avons d\u00e9coup\u00e9 [&hellip;]","og_url":"https:\/\/tnrshop.be\/fr\/produit\/branding-personnalisation-baby-foot\/","og_site_name":"Boutique en ligne Tom et Rudi","article_publisher":"https:\/\/www.facebook.com\/tomenrudicafespelen\/","og_image":[{"width":600,"height":600,"url":"https:\/\/tnrshop.be\/wp-content\/uploads\/2022\/03\/Branding_Personalisatie-Tafelvoetbal.jpg","type":"image\/jpeg"}],"twitter_card":"summary_large_image","twitter_site":"@tomenrudi","schema":{"@context":"https:\/\/schema.org","@graph":[{"@type":"WebPage","@id":"https:\/\/tnrshop.be\/fr\/produit\/branding-personnalisation-baby-foot\/","url":"https:\/\/tnrshop.be\/fr\/produit\/branding-personnalisation-baby-foot\/","name":"Baby-foot de personnalisation de marque - Boutique en ligne Tom et Rudi","isPartOf":{"@id":"https:\/\/tnrshop.be\/fr\/#website"},"primaryImageOfPage":{"@id":"https:\/\/tnrshop.be\/fr\/produit\/branding-personnalisation-baby-foot\/#primaryimage"},"image":{"@id":"https:\/\/tnrshop.be\/fr\/produit\/branding-personnalisation-baby-foot\/#primaryimage"},"thumbnailUrl":"https:\/\/tnrshop.be\/wp-content\/uploads\/2022\/03\/Branding_Personalisatie-Tafelvoetbal.jpg","datePublished":"2022-05-31T09:35:46+00:00","breadcrumb":{"@id":"https:\/\/tnrshop.be\/fr\/produit\/branding-personnalisation-baby-foot\/#breadcrumb"},"inLanguage":"fr-FR","potentialAction":[{"@type":"ReadAction","target":["https:\/\/tnrshop.be\/fr\/produit\/branding-personnalisation-baby-foot\/"]}]},{"@type":"ImageObject","inLanguage":"fr-FR","@id":"https:\/\/tnrshop.be\/fr\/produit\/branding-personnalisation-baby-foot\/#primaryimage","url":"https:\/\/tnrshop.be\/wp-content\/uploads\/2022\/03\/Branding_Personalisatie-Tafelvoetbal.jpg","contentUrl":"https:\/\/tnrshop.be\/wp-content\/uploads\/2022\/03\/Branding_Personalisatie-Tafelvoetbal.jpg","width":600,"height":600},{"@type":"BreadcrumbList","@id":"https:\/\/tnrshop.be\/fr\/produit\/branding-personnalisation-baby-foot\/#breadcrumb","itemListElement":[{"@type":"ListItem","position":1,"name":"Home","item":"https:\/\/tnrshop.be\/fr\/"},{"@type":"ListItem","position":2,"name":"Webshop","item":"https:\/\/tnrshop.be\/fr\/boutique\/"},{"@type":"ListItem","position":3,"name":"Baby-foot de personnalisation de marque"}]},{"@type":"WebSite","@id":"https:\/\/tnrshop.be\/fr\/#website","url":"https:\/\/tnrshop.be\/fr\/","name":"Boutique en ligne Tom et Rudi","description":"","publisher":{"@id":"https:\/\/tnrshop.be\/fr\/#organization"},"potentialAction":[{"@type":"SearchAction","target":{"@type":"EntryPoint","urlTemplate":"https:\/\/tnrshop.be\/fr\/?s={search_term_string}"},"query-input":{"@type":"PropertyValueSpecification","valueRequired":true,"valueName":"search_term_string"}}],"inLanguage":"fr-FR"},{"@type":"Organization","@id":"https:\/\/tnrshop.be\/fr\/#organization","name":"Tom en Rudi Amusementstoestellen BV","url":"https:\/\/tnrshop.be\/fr\/","logo":{"@type":"ImageObject","inLanguage":"fr-FR","@id":"https:\/\/tnrshop.be\/fr\/#\/schema\/logo\/image\/","url":"https:\/\/tnrshop.be\/wp-content\/uploads\/2022\/02\/logo-tomenrudiwebshop-zwart-300px.png","contentUrl":"https:\/\/tnrshop.be\/wp-content\/uploads\/2022\/02\/logo-tomenrudiwebshop-zwart-300px.png","width":298,"height":214,"caption":"Tom en Rudi Amusementstoestellen BV"},"image":{"@id":"https:\/\/tnrshop.be\/fr\/#\/schema\/logo\/image\/"},"sameAs":["https:\/\/www.facebook.com\/tomenrudicafespelen\/","https:\/\/x.com\/tomenrudi","https:\/\/www.instagram.com\/tomenrudi.be\/","https:\/\/www.linkedin.com\/company\/tom-en-rudi-amusementstoestellen\/"]}]}},"_links":{"self":[{"href":"https:\/\/tnrshop.be\/fr\/wp-json\/wp\/v2\/product\/4691","targetHints":{"allow":["GET"]}}],"collection":[{"href":"https:\/\/tnrshop.be\/fr\/wp-json\/wp\/v2\/product"}],"about":[{"href":"https:\/\/tnrshop.be\/fr\/wp-json\/wp\/v2\/types\/product"}],"replies":[{"embeddable":true,"href":"https:\/\/tnrshop.be\/fr\/wp-json\/wp\/v2\/comments?post=4691"}],"wp:featuredmedia":[{"embeddable":true,"href":"https:\/\/tnrshop.be\/fr\/wp-json\/wp\/v2\/media\/4255"}],"wp:attachment":[{"href":"https:\/\/tnrshop.be\/fr\/wp-json\/wp\/v2\/media?parent=4691"}],"wp:term":[{"taxonomy":"product_brand","embeddable":true,"href":"https:\/\/tnrshop.be\/fr\/wp-json\/wp\/v2\/product_brand?post=4691"},{"taxonomy":"product_cat","embeddable":true,"href":"https:\/\/tnrshop.be\/fr\/wp-json\/wp\/v2\/product_cat?post=4691"},{"taxonomy":"product_tag","embeddable":true,"href":"https:\/\/tnrshop.be\/fr\/wp-json\/wp\/v2\/product_tag?post=4691"}],"curies":[{"name":"wp","href":"https:\/\/api.w.org\/{rel}","templated":true}]}}