{"id":4941,"date":"2022-03-07T12:15:00","date_gmt":"2022-05-31T14:24:58","guid":{"rendered":"https:\/\/tnrshop.be\/product\/ballon-jupiter\/"},"modified":"2022-05-31T16:24:58","modified_gmt":"2022-05-31T14:24:58","slug":"bal-jupiter-2","status":"publish","type":"product","link":"https:\/\/tnrshop.be\/fr\/produit\/bal-jupiter-2\/","title":{"rendered":"Ballon Jupiter"},"content":{"rendered":"<div>Ballons Jupiter en plastique qui sont \u00e9galement obligatoires dans la comp\u00e9tition et aux Championnats de Belgique.<\/div>\n<div>Aussi comme un ensemble de 11 balles o\u00f9 vous ne payez en fait que 10, donc 1 balle est gratuite.<\/div>\n<div><\/div>\n<div>Options suppl\u00e9mentaires :<br \/>\n&#8211; Rugueux (offre un anti-d\u00e9rapant suppl\u00e9mentaire et un confort de jeu accru)<\/div>\n","protected":false},"excerpt":{"rendered":"<p>Ballons Jupiter en plastique qui sont \u00e9galement obligatoires dans la comp\u00e9tition et aux Championnats de Belgique. Aussi comme un ensemble de 11 balles o\u00f9 vous ne payez en fait que 10, donc 1 balle est gratuite. Options suppl\u00e9mentaires : &#8211; Rugueux (offre un anti-d\u00e9rapant suppl\u00e9mentaire et un confort de jeu accru)<\/p>\n","protected":false},"featured_media":3718,"comment_status":"closed","ping_status":"closed","template":"","meta":{"_acf_changed":false},"product_brand":[],"product_cat":[218,219],"product_tag":[],"class_list":{"0":"post-4941","1":"product","2":"type-product","3":"status-publish","4":"has-post-thumbnail","6":"product_cat-baby-foot","7":"product_cat-composants-babyfoot","9":"first","10":"instock","11":"taxable","12":"shipping-taxable","13":"product-type-variable"},"acf":[],"yoast_head":"<!-- This site is optimized with the Yoast SEO plugin v27.4 - https:\/\/yoast.com\/product\/yoast-seo-wordpress\/ -->\n<title>Ballon Jupiter - Boutique en ligne Tom et Rudi<\/title>\n<meta name=\"robots\" content=\"index, follow, max-snippet:-1, max-image-preview:large, max-video-preview:-1\" \/>\n<link rel=\"canonical\" href=\"https:\/\/tnrshop.be\/fr\/produit\/bal-jupiter-2\/\" \/>\n<meta property=\"og:locale\" content=\"fr_FR\" \/>\n<meta property=\"og:type\" content=\"article\" \/>\n<meta property=\"og:title\" content=\"Ballon Jupiter - Boutique en ligne Tom et Rudi\" \/>\n<meta property=\"og:description\" content=\"Ballons Jupiter en plastique qui sont \u00e9galement obligatoires dans la comp\u00e9tition et aux Championnats de Belgique. Aussi comme un ensemble de 11 balles o\u00f9 vous ne payez en fait que 10, donc 1 balle est gratuite. Options suppl\u00e9mentaires : &#8211; Rugueux (offre un anti-d\u00e9rapant suppl\u00e9mentaire et un confort de jeu accru)\" \/>\n<meta property=\"og:url\" content=\"https:\/\/tnrshop.be\/fr\/produit\/bal-jupiter-2\/\" \/>\n<meta property=\"og:site_name\" content=\"Boutique en ligne Tom et Rudi\" \/>\n<meta property=\"article:publisher\" content=\"https:\/\/www.facebook.com\/tomenrudicafespelen\/\" \/>\n<meta property=\"og:image\" content=\"https:\/\/tnrshop.be\/wp-content\/uploads\/2022\/03\/bal-jupiter-geel.jpg\" \/>\n\t<meta property=\"og:image:width\" content=\"600\" \/>\n\t<meta property=\"og:image:height\" content=\"600\" \/>\n\t<meta property=\"og:image:type\" content=\"image\/jpeg\" \/>\n<meta name=\"twitter:card\" content=\"summary_large_image\" \/>\n<meta name=\"twitter:site\" content=\"@tomenrudi\" \/>\n<script type=\"application\/ld+json\" class=\"yoast-schema-graph\">{\"@context\":\"https:\\\/\\\/schema.org\",\"@graph\":[{\"@type\":\"WebPage\",\"@id\":\"https:\\\/\\\/tnrshop.be\\\/fr\\\/produit\\\/bal-jupiter-2\\\/\",\"url\":\"https:\\\/\\\/tnrshop.be\\\/fr\\\/produit\\\/bal-jupiter-2\\\/\",\"name\":\"Ballon Jupiter - Boutique en ligne Tom et Rudi\",\"isPartOf\":{\"@id\":\"https:\\\/\\\/tnrshop.be\\\/fr\\\/#website\"},\"primaryImageOfPage\":{\"@id\":\"https:\\\/\\\/tnrshop.be\\\/fr\\\/produit\\\/bal-jupiter-2\\\/#primaryimage\"},\"image\":{\"@id\":\"https:\\\/\\\/tnrshop.be\\\/fr\\\/produit\\\/bal-jupiter-2\\\/#primaryimage\"},\"thumbnailUrl\":\"https:\\\/\\\/tnrshop.be\\\/wp-content\\\/uploads\\\/2022\\\/03\\\/bal-jupiter-geel.jpg\",\"datePublished\":\"2022-05-31T14:24:58+00:00\",\"breadcrumb\":{\"@id\":\"https:\\\/\\\/tnrshop.be\\\/fr\\\/produit\\\/bal-jupiter-2\\\/#breadcrumb\"},\"inLanguage\":\"fr-FR\",\"potentialAction\":[{\"@type\":\"ReadAction\",\"target\":[\"https:\\\/\\\/tnrshop.be\\\/fr\\\/produit\\\/bal-jupiter-2\\\/\"]}]},{\"@type\":\"ImageObject\",\"inLanguage\":\"fr-FR\",\"@id\":\"https:\\\/\\\/tnrshop.be\\\/fr\\\/produit\\\/bal-jupiter-2\\\/#primaryimage\",\"url\":\"https:\\\/\\\/tnrshop.be\\\/wp-content\\\/uploads\\\/2022\\\/03\\\/bal-jupiter-geel.jpg\",\"contentUrl\":\"https:\\\/\\\/tnrshop.be\\\/wp-content\\\/uploads\\\/2022\\\/03\\\/bal-jupiter-geel.jpg\",\"width\":600,\"height\":600,\"caption\":\"bal jupiter geel\"},{\"@type\":\"BreadcrumbList\",\"@id\":\"https:\\\/\\\/tnrshop.be\\\/fr\\\/produit\\\/bal-jupiter-2\\\/#breadcrumb\",\"itemListElement\":[{\"@type\":\"ListItem\",\"position\":1,\"name\":\"Home\",\"item\":\"https:\\\/\\\/tnrshop.be\\\/fr\\\/\"},{\"@type\":\"ListItem\",\"position\":2,\"name\":\"Webshop\",\"item\":\"https:\\\/\\\/tnrshop.be\\\/fr\\\/boutique\\\/\"},{\"@type\":\"ListItem\",\"position\":3,\"name\":\"Ballon Jupiter\"}]},{\"@type\":\"WebSite\",\"@id\":\"https:\\\/\\\/tnrshop.be\\\/fr\\\/#website\",\"url\":\"https:\\\/\\\/tnrshop.be\\\/fr\\\/\",\"name\":\"Boutique en ligne Tom et Rudi\",\"description\":\"\",\"publisher\":{\"@id\":\"https:\\\/\\\/tnrshop.be\\\/fr\\\/#organization\"},\"potentialAction\":[{\"@type\":\"SearchAction\",\"target\":{\"@type\":\"EntryPoint\",\"urlTemplate\":\"https:\\\/\\\/tnrshop.be\\\/fr\\\/?s={search_term_string}\"},\"query-input\":{\"@type\":\"PropertyValueSpecification\",\"valueRequired\":true,\"valueName\":\"search_term_string\"}}],\"inLanguage\":\"fr-FR\"},{\"@type\":\"Organization\",\"@id\":\"https:\\\/\\\/tnrshop.be\\\/fr\\\/#organization\",\"name\":\"Tom en Rudi Amusementstoestellen BV\",\"url\":\"https:\\\/\\\/tnrshop.be\\\/fr\\\/\",\"logo\":{\"@type\":\"ImageObject\",\"inLanguage\":\"fr-FR\",\"@id\":\"https:\\\/\\\/tnrshop.be\\\/fr\\\/#\\\/schema\\\/logo\\\/image\\\/\",\"url\":\"https:\\\/\\\/tnrshop.be\\\/wp-content\\\/uploads\\\/2022\\\/02\\\/logo-tomenrudiwebshop-zwart-300px.png\",\"contentUrl\":\"https:\\\/\\\/tnrshop.be\\\/wp-content\\\/uploads\\\/2022\\\/02\\\/logo-tomenrudiwebshop-zwart-300px.png\",\"width\":298,\"height\":214,\"caption\":\"Tom en Rudi Amusementstoestellen BV\"},\"image\":{\"@id\":\"https:\\\/\\\/tnrshop.be\\\/fr\\\/#\\\/schema\\\/logo\\\/image\\\/\"},\"sameAs\":[\"https:\\\/\\\/www.facebook.com\\\/tomenrudicafespelen\\\/\",\"https:\\\/\\\/x.com\\\/tomenrudi\",\"https:\\\/\\\/www.instagram.com\\\/tomenrudi.be\\\/\",\"https:\\\/\\\/www.linkedin.com\\\/company\\\/tom-en-rudi-amusementstoestellen\\\/\"]}]}<\/script>\n<!-- \/ Yoast SEO plugin. -->","yoast_head_json":{"title":"Ballon Jupiter - Boutique en ligne Tom et Rudi","robots":{"index":"index","follow":"follow","max-snippet":"max-snippet:-1","max-image-preview":"max-image-preview:large","max-video-preview":"max-video-preview:-1"},"canonical":"https:\/\/tnrshop.be\/fr\/produit\/bal-jupiter-2\/","og_locale":"fr_FR","og_type":"article","og_title":"Ballon Jupiter - Boutique en ligne Tom et Rudi","og_description":"Ballons Jupiter en plastique qui sont \u00e9galement obligatoires dans la comp\u00e9tition et aux Championnats de Belgique. Aussi comme un ensemble de 11 balles o\u00f9 vous ne payez en fait que 10, donc 1 balle est gratuite. Options suppl\u00e9mentaires : &#8211; Rugueux (offre un anti-d\u00e9rapant suppl\u00e9mentaire et un confort de jeu accru)","og_url":"https:\/\/tnrshop.be\/fr\/produit\/bal-jupiter-2\/","og_site_name":"Boutique en ligne Tom et Rudi","article_publisher":"https:\/\/www.facebook.com\/tomenrudicafespelen\/","og_image":[{"width":600,"height":600,"url":"https:\/\/tnrshop.be\/wp-content\/uploads\/2022\/03\/bal-jupiter-geel.jpg","type":"image\/jpeg"}],"twitter_card":"summary_large_image","twitter_site":"@tomenrudi","schema":{"@context":"https:\/\/schema.org","@graph":[{"@type":"WebPage","@id":"https:\/\/tnrshop.be\/fr\/produit\/bal-jupiter-2\/","url":"https:\/\/tnrshop.be\/fr\/produit\/bal-jupiter-2\/","name":"Ballon Jupiter - Boutique en ligne Tom et Rudi","isPartOf":{"@id":"https:\/\/tnrshop.be\/fr\/#website"},"primaryImageOfPage":{"@id":"https:\/\/tnrshop.be\/fr\/produit\/bal-jupiter-2\/#primaryimage"},"image":{"@id":"https:\/\/tnrshop.be\/fr\/produit\/bal-jupiter-2\/#primaryimage"},"thumbnailUrl":"https:\/\/tnrshop.be\/wp-content\/uploads\/2022\/03\/bal-jupiter-geel.jpg","datePublished":"2022-05-31T14:24:58+00:00","breadcrumb":{"@id":"https:\/\/tnrshop.be\/fr\/produit\/bal-jupiter-2\/#breadcrumb"},"inLanguage":"fr-FR","potentialAction":[{"@type":"ReadAction","target":["https:\/\/tnrshop.be\/fr\/produit\/bal-jupiter-2\/"]}]},{"@type":"ImageObject","inLanguage":"fr-FR","@id":"https:\/\/tnrshop.be\/fr\/produit\/bal-jupiter-2\/#primaryimage","url":"https:\/\/tnrshop.be\/wp-content\/uploads\/2022\/03\/bal-jupiter-geel.jpg","contentUrl":"https:\/\/tnrshop.be\/wp-content\/uploads\/2022\/03\/bal-jupiter-geel.jpg","width":600,"height":600,"caption":"bal jupiter geel"},{"@type":"BreadcrumbList","@id":"https:\/\/tnrshop.be\/fr\/produit\/bal-jupiter-2\/#breadcrumb","itemListElement":[{"@type":"ListItem","position":1,"name":"Home","item":"https:\/\/tnrshop.be\/fr\/"},{"@type":"ListItem","position":2,"name":"Webshop","item":"https:\/\/tnrshop.be\/fr\/boutique\/"},{"@type":"ListItem","position":3,"name":"Ballon Jupiter"}]},{"@type":"WebSite","@id":"https:\/\/tnrshop.be\/fr\/#website","url":"https:\/\/tnrshop.be\/fr\/","name":"Boutique en ligne Tom et Rudi","description":"","publisher":{"@id":"https:\/\/tnrshop.be\/fr\/#organization"},"potentialAction":[{"@type":"SearchAction","target":{"@type":"EntryPoint","urlTemplate":"https:\/\/tnrshop.be\/fr\/?s={search_term_string}"},"query-input":{"@type":"PropertyValueSpecification","valueRequired":true,"valueName":"search_term_string"}}],"inLanguage":"fr-FR"},{"@type":"Organization","@id":"https:\/\/tnrshop.be\/fr\/#organization","name":"Tom en Rudi Amusementstoestellen BV","url":"https:\/\/tnrshop.be\/fr\/","logo":{"@type":"ImageObject","inLanguage":"fr-FR","@id":"https:\/\/tnrshop.be\/fr\/#\/schema\/logo\/image\/","url":"https:\/\/tnrshop.be\/wp-content\/uploads\/2022\/02\/logo-tomenrudiwebshop-zwart-300px.png","contentUrl":"https:\/\/tnrshop.be\/wp-content\/uploads\/2022\/02\/logo-tomenrudiwebshop-zwart-300px.png","width":298,"height":214,"caption":"Tom en Rudi Amusementstoestellen BV"},"image":{"@id":"https:\/\/tnrshop.be\/fr\/#\/schema\/logo\/image\/"},"sameAs":["https:\/\/www.facebook.com\/tomenrudicafespelen\/","https:\/\/x.com\/tomenrudi","https:\/\/www.instagram.com\/tomenrudi.be\/","https:\/\/www.linkedin.com\/company\/tom-en-rudi-amusementstoestellen\/"]}]}},"_links":{"self":[{"href":"https:\/\/tnrshop.be\/fr\/wp-json\/wp\/v2\/product\/4941","targetHints":{"allow":["GET"]}}],"collection":[{"href":"https:\/\/tnrshop.be\/fr\/wp-json\/wp\/v2\/product"}],"about":[{"href":"https:\/\/tnrshop.be\/fr\/wp-json\/wp\/v2\/types\/product"}],"replies":[{"embeddable":true,"href":"https:\/\/tnrshop.be\/fr\/wp-json\/wp\/v2\/comments?post=4941"}],"wp:featuredmedia":[{"embeddable":true,"href":"https:\/\/tnrshop.be\/fr\/wp-json\/wp\/v2\/media\/3718"}],"wp:attachment":[{"href":"https:\/\/tnrshop.be\/fr\/wp-json\/wp\/v2\/media?parent=4941"}],"wp:term":[{"taxonomy":"product_brand","embeddable":true,"href":"https:\/\/tnrshop.be\/fr\/wp-json\/wp\/v2\/product_brand?post=4941"},{"taxonomy":"product_cat","embeddable":true,"href":"https:\/\/tnrshop.be\/fr\/wp-json\/wp\/v2\/product_cat?post=4941"},{"taxonomy":"product_tag","embeddable":true,"href":"https:\/\/tnrshop.be\/fr\/wp-json\/wp\/v2\/product_tag?post=4941"}],"curies":[{"name":"wp","href":"https:\/\/api.w.org\/{rel}","templated":true}]}}